{"id":442,"date":"2023-05-02T21:21:32","date_gmt":"2023-05-02T21:21:32","guid":{"rendered":"http:\/\/solimsrl.com\/?page_id=442"},"modified":"2023-05-02T21:23:47","modified_gmt":"2023-05-02T21:23:47","slug":"seguridad","status":"publish","type":"page","link":"http:\/\/solimsrl.com\/?page_id=442","title":{"rendered":"Seguridad"},"content":{"rendered":"\t\t<div data-elementor-type=\"wp-page\" data-elementor-id=\"442\" class=\"elementor elementor-442\" data-elementor-settings=\"[]\">\n\t\t\t\t\t\t<div class=\"elementor-inner\">\n\t\t\t\t\t\t\t<div class=\"elementor-section-wrap\">\n\t\t\t\t\t\t\t<section class=\"elementor-section elementor-top-section elementor-element elementor-element-169cfab elementor-section-full_width elementor-section-height-min-height elementor-section-stretched elementor-section-height-default elementor-section-items-middle\" data-id=\"169cfab\" data-element_type=\"section\" data-settings=\"{&quot;background_background&quot;:&quot;classic&quot;,&quot;stretch_section&quot;:&quot;section-stretched&quot;}\">\n\t\t\t\t\t\t<div class=\"elementor-container elementor-column-gap-no\">\n\t\t\t\t\t\t\t<div class=\"elementor-row\">\n\t\t\t\t\t<div class=\"aux-parallax-section elementor-column elementor-col-100 elementor-top-column elementor-element elementor-element-96406b8\" data-id=\"96406b8\" data-element_type=\"column\">\n\t\t\t<div class=\"elementor-column-wrap elementor-element-populated\">\n\t\t\t\t\t\t\t<div class=\"elementor-widget-wrap\">\n\t\t\t\t\t\t<div class=\"elementor-element elementor-element-1eb87d3 elementor-widget elementor-widget-spacer\" data-id=\"1eb87d3\" data-element_type=\"widget\" data-widget_type=\"spacer.default\">\n\t\t\t\t<div class=\"elementor-widget-container\">\n\t\t\t\t\t<div class=\"elementor-spacer\">\n\t\t\t<div class=\"elementor-spacer-inner\"><\/div>\n\t\t<\/div>\n\t\t\t\t<\/div>\n\t\t\t\t<\/div>\n\t\t\t\t<div class=\"elementor-element elementor-element-4fdb1f8 elementor-headline--style-highlight elementor-widget elementor-widget-animated-headline\" data-id=\"4fdb1f8\" data-element_type=\"widget\" data-settings=\"{&quot;highlighted_text&quot;:&quot;no es suficiente.&quot;,&quot;marker&quot;:&quot;underline&quot;,&quot;headline_style&quot;:&quot;highlight&quot;,&quot;highlight_animation_duration&quot;:1200}\" data-widget_type=\"animated-headline.default\">\n\t\t\t\t<div class=\"elementor-widget-container\">\n\t\t\t\t\t<h3 class=\"elementor-headline\">\n\t\t\t\t\t<span class=\"elementor-headline-plain-text elementor-headline-text-wrapper\">Lo Mejor es posible, lo bueno <\/span>\n\t\t\t\t<span class=\"elementor-headline-dynamic-wrapper elementor-headline-text-wrapper\">\n\t\t\t\t\t<span class=\"elementor-headline-dynamic-text elementor-headline-text-active\">no es suficiente.<\/span>\n\t\t\t\t<\/span>\n\t\t\t\t<\/h3>\n\t\t\t\t<\/div>\n\t\t\t\t<\/div>\n\t\t\t\t\t\t<\/div>\n\t\t\t\t\t<\/div>\n\t\t<\/div>\n\t\t\t\t\t\t\t\t<\/div>\n\t\t\t\t\t<\/div>\n\t\t<\/section>\n\t\t\t\t<section class=\"elementor-section elementor-top-section elementor-element elementor-element-fd70005 elementor-section-full_width elementor-section-height-default elementor-section-height-default\" data-id=\"fd70005\" data-element_type=\"section\">\n\t\t\t\t\t\t<div class=\"elementor-container elementor-column-gap-no\">\n\t\t\t\t\t\t\t<div class=\"elementor-row\">\n\t\t\t\t\t<div class=\"aux-parallax-section elementor-column elementor-col-100 elementor-top-column elementor-element elementor-element-c85af69\" data-id=\"c85af69\" data-element_type=\"column\">\n\t\t\t<div class=\"elementor-column-wrap elementor-element-populated\">\n\t\t\t\t\t\t\t<div class=\"elementor-widget-wrap\">\n\t\t\t\t\t\t<div class=\"elementor-element elementor-element-0b7bd83 elementor-widget elementor-widget-aux_modern_heading\" data-id=\"0b7bd83\" data-element_type=\"widget\" data-widget_type=\"aux_modern_heading.default\">\n\t\t\t\t<div class=\"elementor-widget-container\">\n\t\t\t<section class=\"aux-widget-modern-heading\">\n            <div class=\"aux-widget-inner\"><h2 class=\"aux-modern-heading-primary\">Comprometidos con la seguridad<\/h2><div class=\"aux-modern-heading-divider\"><\/div><div class=\"aux-modern-heading-description\"><p>Nuestro foco son las personas y el compromiso con su seguridad, por ello trabajamos alineados a la Norma ISO 45001, con una estructura de alto nivel, integrando otros sistemas de gesti\u00f3n que nos permite ser m\u00e1s eficiente.<br \/>Especialmente contemplamos los valores y creencias, comportamiento y actitudes, para minimizar los niveles de accidentalidad en las actividades que se desarrollen.\u00a0<\/p><p>Implementamos pol\u00edticas de sensibilizaci\u00f3n y capacitaci\u00f3n constante, promoviendo la prevenci\u00f3n, protecci\u00f3n, mejora y conservaci\u00f3n de la integridad psicof\u00edsica y condiciones de seguridad de nuestro personal.\u00a0<\/p><p>\u00a0<\/p><p><strong>Contemplamos los siguientes puntos en cada labor:<\/strong><br \/><em>Aislamiento y bloqueo, Equipos m\u00f3viles y energizados, Trabajos en altura, Operaciones de izado, Prevenci\u00f3n de fugas, Ca\u00eddas de objetos, Entrada a espacios confinados, excavaciones, permiso de trabajo, Conducci\u00f3n segura.<\/em><\/p><\/div><\/div>\n        <\/section>\t\t<\/div>\n\t\t\t\t<\/div>\n\t\t\t\t<div class=\"elementor-element elementor-element-2c24726 elementor-widget elementor-widget-image\" data-id=\"2c24726\" data-element_type=\"widget\" data-widget_type=\"image.default\">\n\t\t\t\t<div class=\"elementor-widget-container\">\n\t\t\t\t\t\t\t\t<div class=\"elementor-image\">\n\t\t\t\t\t\t\t\t\t\t\t\t<img loading=\"lazy\" decoding=\"async\" width=\"300\" height=\"246\" src=\"http:\/\/solimsrl.com\/wp-content\/uploads\/2023\/05\/Iso.jpg\" class=\"attachment-medium_large size-medium_large\" alt=\"\" \/>\t\t\t\t\t\t\t\t\t\t\t\t\t\t<\/div>\n\t\t\t\t\t\t<\/div>\n\t\t\t\t<\/div>\n\t\t\t\t\t\t<\/div>\n\t\t\t\t\t<\/div>\n\t\t<\/div>\n\t\t\t\t\t\t\t\t<\/div>\n\t\t\t\t\t<\/div>\n\t\t<\/section>\n\t\t\t\t\t\t<\/div>\n\t\t\t\t\t\t<\/div>\n\t\t\t\t\t<\/div>\n\t\t","protected":false},"excerpt":{"rendered":"<p>Lo Mejor es posible, lo bueno no es suficiente. Comprometidos con la seguridad Nuestro foco son las personas y el compromiso con su seguridad, por ello trabajamos alineados a la Norma ISO 45001, con una estructura de alto nivel, integrando otros sistemas de gesti\u00f3n que nos permite ser m\u00e1s eficiente.Especialmente contemplamos los valores y creencias, [&hellip;]<\/p>\n","protected":false},"author":1,"featured_media":0,"parent":0,"menu_order":0,"comment_status":"closed","ping_status":"closed","template":"","meta":{"footnotes":""},"class_list":["post-442","page","type-page","status-publish","hentry"],"_links":{"self":[{"href":"http:\/\/solimsrl.com\/index.php?rest_route=\/wp\/v2\/pages\/442","targetHints":{"allow":["GET"]}}],"collection":[{"href":"http:\/\/solimsrl.com\/index.php?rest_route=\/wp\/v2\/pages"}],"about":[{"href":"http:\/\/solimsrl.com\/index.php?rest_route=\/wp\/v2\/types\/page"}],"author":[{"embeddable":true,"href":"http:\/\/solimsrl.com\/index.php?rest_route=\/wp\/v2\/users\/1"}],"replies":[{"embeddable":true,"href":"http:\/\/solimsrl.com\/index.php?rest_route=%2Fwp%2Fv2%2Fcomments&post=442"}],"version-history":[{"count":7,"href":"http:\/\/solimsrl.com\/index.php?rest_route=\/wp\/v2\/pages\/442\/revisions"}],"predecessor-version":[{"id":452,"href":"http:\/\/solimsrl.com\/index.php?rest_route=\/wp\/v2\/pages\/442\/revisions\/452"}],"wp:attachment":[{"href":"http:\/\/solimsrl.com\/index.php?rest_route=%2Fwp%2Fv2%2Fmedia&parent=442"}],"curies":[{"name":"wp","href":"https:\/\/api.w.org\/{rel}","templated":true}]}}